{"id":268,"date":"2018-02-12T22:00:17","date_gmt":"2018-02-13T03:00:17","guid":{"rendered":"https:\/\/residencesdesjardins.com\/residence-services\/"},"modified":"2025-03-10T10:12:21","modified_gmt":"2025-03-10T14:12:21","slug":"residence-services","status":"publish","type":"page","link":"https:\/\/chslddesjardins.com\/en\/residence-services\/","title":{"rendered":"Services available at CHSLD L.-B.- Desjardins"},"content":{"rendered":"<p><div class=\"fusion-fullwidth fullwidth-box fusion-builder-row-1 nonhundred-percent-fullwidth non-hundred-percent-height-scrolling\" style=\"background-color: rgba(255,255,255,0);background-position: center center;background-repeat: no-repeat;padding-top:20px;padding-right:0px;padding-bottom:20px;padding-left:0px;margin-bottom: 0px;margin-top: 0px;border-width: 0px 0px 0px 0px;border-color:#eae9e9;border-style:solid;\" ><div class=\"fusion-builder-row fusion-row\"><div class=\"fusion-layout-column fusion_builder_column fusion-builder-column-0 fusion_builder_column_1_1 1_1 fusion-one-full fusion-column-first fusion-column-last\" style=\"margin-top:0px;margin-bottom:20px;\"><div class=\"fusion-column-wrapper fusion-flex-column-wrapper-legacy\" style=\"background-position:left top;background-repeat:no-repeat;-webkit-background-size:cover;-moz-background-size:cover;-o-background-size:cover;background-size:cover;padding: 0px 0px 0px 0px;\"><style type=\"text\/css\"><\/style><div class=\"fusion-title title fusion-title-1 fusion-title-text fusion-title-size-one\" style=\"margin-top:0px;margin-right:0px;margin-bottom:31px;margin-left:0px;\"><h1 class=\"title-heading-left\" style=\"margin:0;\"><h1>A privately funded Long-Term Care facility (CHSLD) in the Laurentians<\/h1><\/h1><div class=\"title-sep-container\"><div class=\"title-sep sep-double sep-solid\" style=\"border-color:#e0dede;\"><\/div><\/div><\/div><style type=\"text\/css\"><\/style><div class=\"fusion-title title fusion-title-2 fusion-title-text fusion-title-size-one\" style=\"margin-top:0px;margin-right:0px;margin-bottom:31px;margin-left:0px;\"><h1 class=\"title-heading-left\" style=\"margin:0;\"><h2>Specialized care<\/h2><\/h1><div class=\"title-sep-container\"><div class=\"title-sep sep-double sep-solid\" style=\"border-color:#e0dede;\"><\/div><\/div><\/div><div class=\"fusion-text fusion-text-1\"><p>CHSLD L.-B.- Desjardins is a <a href=\"https:\/\/chslddesjardins.com\/en\/\"><b><strong>Privately funded long-term Care facilities (CHSLD)<\/strong><\/b><\/a> located in Saint-Sauveur, between Montreal and Mont-Tremblant, offering a full range of clinical care to palliative care.<\/p>\n<p>Our clinical staff, specialized in this field, constantly monitor each resident&#8217;s medical file. Our doctor is on call 24\/7, and our nursing staff is available <b><strong>24 hours a day<\/strong><\/b>.<\/p>\n<p>Additional specialized services are available on request.<\/p>\n<\/div><style type=\"text\/css\"><\/style><div class=\"fusion-title title fusion-title-3 fusion-title-text fusion-title-size-one\" style=\"margin-top:0px;margin-right:0px;margin-bottom:31px;margin-left:0px;\"><h1 class=\"title-heading-left\" style=\"margin:0;\"><h2>We pay close attention to details!<\/h2><\/h1><div class=\"title-sep-container\"><div class=\"title-sep sep-double sep-solid\" style=\"border-color:#e0dede;\"><\/div><\/div><\/div><div class=\"fusion-text fusion-text-2\"><p>All residents benefit from extra attention from our support staff and recreation professionals, who are happy to offer them a wide range of services and recreational activities for seniors.<\/p>\n<p>The excellent choice of menus in our user-friendly dining room respects all prescribed dietary constraints. Meals and snacks are served at convenient times, and when required on the residents floor. Our <a href=\"https:\/\/chslddesjardins.com\/en\/contact-us\/\">CHSLD in the Laurentians<\/a> provides linen and laundry services. Specialized equipment for personal use is also available.<\/p>\n<\/div><div class=\"fusion-clearfix\"><\/div><\/div><\/div><\/div><\/div><div class=\"fusion-fullwidth fullwidth-box fusion-builder-row-2 nonhundred-percent-fullwidth non-hundred-percent-height-scrolling\" style=\"background-color: rgba(255,255,255,0);background-position: center center;background-repeat: no-repeat;padding-top:20px;padding-right:0px;padding-bottom:20px;padding-left:0px;margin-bottom: 0px;margin-top: 0px;border-width: 0px 0px 0px 0px;border-color:#eae9e9;border-style:solid;\" ><div class=\"fusion-builder-row fusion-row\"><div class=\"fusion-layout-column fusion_builder_column fusion-builder-column-1 fusion_builder_column_1_2 1_2 fusion-one-half fusion-column-first\" style=\"width:50%;width:calc(50% - ( ( 4% ) * 0.5 ) );margin-right: 4%;margin-top:0px;margin-bottom:20px;\"><div class=\"fusion-column-wrapper fusion-flex-column-wrapper-legacy\" style=\"background-position:left top;background-repeat:no-repeat;-webkit-background-size:cover;-moz-background-size:cover;-o-background-size:cover;background-size:cover;padding: 0px 0px 0px 0px;\"><div class=\"fusion-text fusion-text-3\"><h2>Staff at your service<\/h2>\n<ul>\n<li>General manager<\/li>\n<li>Health care manager<\/li>\n<li>Living environment and quality management coordinator<\/li>\n<li>24\/7 nursing staff<\/li>\n<li>Leisure activities coordinator<\/li>\n<li>Social worker<\/li>\n<li>Doctor on call 24\/7<\/li>\n<li>Maintenance staff<\/li>\n<li>Beneficiary attendants 24\/7<\/li>\n<li>Maintenance<\/li>\n<li>Laundress<\/li>\n<li>Specialized care services<\/li>\n<\/ul>\n<\/div><div class=\"fusion-text fusion-text-4\"><h2>Private CHSLD services<\/h2>\n<ul>\n<li>Internet access (WIFI)<\/li>\n<li>Hairdresser (\u00e0 la carte)<\/li>\n<li>Housekeeping included<\/li>\n<li>Nurse foot care (\u00e0 la carte)<\/li>\n<li>Emergency call service<\/li>\n<li>Cable service (at resident&#8217;s expense)<\/li>\n<li>Transportation (adapted for medical appointments)<\/li>\n<\/ul>\n<\/div><div class=\"fusion-text fusion-text-5\"><h2>Leisure<\/h2>\n<ul>\n<li>Various activities (according to schedule)<\/li>\n<li>Playground(s)<\/li>\n<li>Library<\/li>\n<li>Bingo<\/li>\n<li>Home theater<\/li>\n<li>Board games<\/li>\n<li>Pianos<\/li>\n<li>Adapted activity program<\/li>\n<li>Community hall<\/li>\n<li>Multifunctional recreation room<\/li>\n<li>Library<\/li>\n<\/ul>\n<\/div><div class=\"fusion-clearfix\"><\/div><\/div><\/div><div class=\"fusion-layout-column fusion_builder_column fusion-builder-column-2 fusion_builder_column_1_2 1_2 fusion-one-half fusion-column-last\" style=\"width:50%;width:calc(50% - ( ( 4% ) * 0.5 ) );margin-top:0px;margin-bottom:20px;\"><div class=\"fusion-column-wrapper fusion-flex-column-wrapper-legacy\" style=\"background-position:left top;background-repeat:no-repeat;-webkit-background-size:cover;-moz-background-size:cover;-o-background-size:cover;background-size:cover;padding: 0px 0px 0px 0px;\"><div class=\"fusion-text fusion-text-6\"><h2>Meals<\/h2>\n<ul>\n<li>Compliance with dietary requirements<\/li>\n<li>Dining room with service<\/li>\n<li>Three meals and two snacks a day (breakfast, lunch and dinner)<\/li>\n<\/ul>\n<\/div><div class=\"fusion-text fusion-text-7\"><h2>CHSLD L.-B.- DESJARDINS layout<\/h2>\n<ul>\n<li>Wheelchair accessible<\/li>\n<li>Air conditioning in common areas<\/li>\n<li>Elevators<\/li>\n<li>Secure, landscaped outdoor courtyard<\/li>\n<li>Heat detectors<\/li>\n<li>Smoke detectors<\/li>\n<li>Emergency lighting<\/li>\n<li>Secure units<\/li>\n<li>Generator<\/li>\n<li><strong>Sprinklers<\/strong><\/li>\n<li>Exterior garden with floral arrangements<\/li>\n<li>Intercom system<\/li>\n<li>Camera surveillance system in common areas<\/li>\n<li>Fire alarm system<\/li>\n<li>Emergency call system<\/li>\n<li>Floor terraces<\/li>\n<\/ul>\n<\/div><div class=\"fusion-clearfix\"><\/div><\/div><\/div><\/div><\/div><\/p>\n","protected":false},"excerpt":{"rendered":"","protected":false},"author":1,"featured_media":0,"parent":0,"menu_order":0,"comment_status":"closed","ping_status":"closed","template":"","meta":{"footnotes":""},"class_list":["post-268","page","type-page","status-publish","hentry"],"yoast_head":"<!-- This site is optimized with the Yoast SEO plugin v26.7 - https:\/\/yoast.com\/wordpress\/plugins\/seo\/ -->\n<title>Our Services | Privately funded Long-Term Care facility (CHSLD)<\/title>\n<meta name=\"description\" content=\"CHSLD L.-B.- Desjardins in Saint-Sauveur, is a privately funded Long-Term Care facility (CHSLD) offering a complete range of services.\" \/>\n<meta name=\"robots\" content=\"index, follow, max-snippet:-1, max-image-preview:large, max-video-preview:-1\" \/>\n<link rel=\"canonical\" href=\"https:\/\/chslddesjardins.com\/en\/residence-services\/\" \/>\n<meta property=\"og:locale\" content=\"en_US\" \/>\n<meta property=\"og:type\" content=\"article\" \/>\n<meta property=\"og:title\" content=\"Our services | Private CHSLD in Saint-Sauveur\" \/>\n<meta property=\"og:description\" content=\"Our doctor is on call 24\/7, and our nursing staff is with you 24 hours a day.\" \/>\n<meta property=\"og:url\" content=\"https:\/\/chslddesjardins.com\/en\/residence-services\/\" \/>\n<meta property=\"og:site_name\" content=\"CHSLD L.-B. Desjardiins\" \/>\n<meta property=\"article:modified_time\" content=\"2025-03-10T14:12:21+00:00\" \/>\n<meta property=\"og:image\" content=\"https:\/\/chslddesjardins.com\/wp-content\/uploads\/2017\/05\/Les-R\u00e9sidences-Desjardins-St-Sauveur-Inc-r\u00e9sidence-pour-personnes-ag\u00e9es-St-Sauver11-1024x681.jpg\" \/>\n<meta name=\"twitter:card\" content=\"summary_large_image\" \/>\n<meta name=\"twitter:title\" content=\"Our services | Privately funded Long-Term Care facility (CHSLD)\" \/>\n<meta name=\"twitter:description\" content=\"Our doctor is on call 24\/7, and our nursing staff is with you 24 hours a day.\" \/>\n<meta name=\"twitter:image\" content=\"https:\/\/chslddesjardins.com\/wp-content\/uploads\/2017\/05\/Les-R\u00e9sidences-Desjardins-St-Sauveur-Inc-r\u00e9sidence-pour-personnes-ag\u00e9es-St-Sauver11-1024x681.jpg\" \/>\n<meta name=\"twitter:label1\" content=\"Est. reading time\" \/>\n\t<meta name=\"twitter:data1\" content=\"4 minutes\" \/>\n<script type=\"application\/ld+json\" class=\"yoast-schema-graph\">{\"@context\":\"https:\/\/schema.org\",\"@graph\":[{\"@type\":\"WebPage\",\"@id\":\"https:\/\/chslddesjardins.com\/en\/residence-services\/\",\"url\":\"https:\/\/chslddesjardins.com\/en\/residence-services\/\",\"name\":\"Our Services | Privately funded Long-Term Care facility (CHSLD)\",\"isPartOf\":{\"@id\":\"https:\/\/chslddesjardins.com\/en\/#website\"},\"datePublished\":\"2018-02-13T03:00:17+00:00\",\"dateModified\":\"2025-03-10T14:12:21+00:00\",\"description\":\"CHSLD L.-B.- Desjardins in Saint-Sauveur, is a privately funded Long-Term Care facility (CHSLD) offering a complete range of services.\",\"breadcrumb\":{\"@id\":\"https:\/\/chslddesjardins.com\/en\/residence-services\/#breadcrumb\"},\"inLanguage\":\"en-US\",\"potentialAction\":[{\"@type\":\"ReadAction\",\"target\":[\"https:\/\/chslddesjardins.com\/en\/residence-services\/\"]}]},{\"@type\":\"BreadcrumbList\",\"@id\":\"https:\/\/chslddesjardins.com\/en\/residence-services\/#breadcrumb\",\"itemListElement\":[{\"@type\":\"ListItem\",\"position\":1,\"name\":\"Home\",\"item\":\"https:\/\/chslddesjardins.com\/en\/\"},{\"@type\":\"ListItem\",\"position\":2,\"name\":\"Services available at CHSLD L.-B.- Desjardins\"}]},{\"@type\":\"WebSite\",\"@id\":\"https:\/\/chslddesjardins.com\/en\/#website\",\"url\":\"https:\/\/chslddesjardins.com\/en\/\",\"name\":\"CHSLD L.-B. Desjardiins\",\"description\":\"CHSLD priv\u00e9 pour a\u00een\u00e9s en perte d\u2019autonomie\",\"publisher\":{\"@id\":\"https:\/\/chslddesjardins.com\/en\/#organization\"},\"potentialAction\":[{\"@type\":\"SearchAction\",\"target\":{\"@type\":\"EntryPoint\",\"urlTemplate\":\"https:\/\/chslddesjardins.com\/en\/?s={search_term_string}\"},\"query-input\":{\"@type\":\"PropertyValueSpecification\",\"valueRequired\":true,\"valueName\":\"search_term_string\"}}],\"inLanguage\":\"en-US\"},{\"@type\":\"Organization\",\"@id\":\"https:\/\/chslddesjardins.com\/en\/#organization\",\"name\":\"CHSLD L.-B.- Desjardins\",\"url\":\"https:\/\/chslddesjardins.com\/en\/\",\"logo\":{\"@type\":\"ImageObject\",\"inLanguage\":\"en-US\",\"@id\":\"https:\/\/chslddesjardins.com\/en\/#\/schema\/logo\/image\/\",\"url\":\"https:\/\/chslddesjardins.com\/wp-content\/uploads\/2021\/05\/rcesidences_desjardins-logo-petite.jpg\",\"contentUrl\":\"https:\/\/chslddesjardins.com\/wp-content\/uploads\/2021\/05\/rcesidences_desjardins-logo-petite.jpg\",\"width\":154,\"height\":154,\"caption\":\"CHSLD L.-B.- Desjardins\"},\"image\":{\"@id\":\"https:\/\/chslddesjardins.com\/en\/#\/schema\/logo\/image\/\"}}]}<\/script>\n<!-- \/ Yoast SEO plugin. -->","yoast_head_json":{"title":"Our Services | Privately funded Long-Term Care facility (CHSLD)","description":"CHSLD L.-B.- Desjardins in Saint-Sauveur, is a privately funded Long-Term Care facility (CHSLD) offering a complete range of services.","robots":{"index":"index","follow":"follow","max-snippet":"max-snippet:-1","max-image-preview":"max-image-preview:large","max-video-preview":"max-video-preview:-1"},"canonical":"https:\/\/chslddesjardins.com\/en\/residence-services\/","og_locale":"en_US","og_type":"article","og_title":"Our services | Private CHSLD in Saint-Sauveur","og_description":"Our doctor is on call 24\/7, and our nursing staff is with you 24 hours a day.","og_url":"https:\/\/chslddesjardins.com\/en\/residence-services\/","og_site_name":"CHSLD L.-B. Desjardiins","article_modified_time":"2025-03-10T14:12:21+00:00","og_image":[{"url":"https:\/\/chslddesjardins.com\/wp-content\/uploads\/2017\/05\/Les-R\u00e9sidences-Desjardins-St-Sauveur-Inc-r\u00e9sidence-pour-personnes-ag\u00e9es-St-Sauver11-1024x681.jpg","type":"","width":"","height":""}],"twitter_card":"summary_large_image","twitter_title":"Our services | Privately funded Long-Term Care facility (CHSLD)","twitter_description":"Our doctor is on call 24\/7, and our nursing staff is with you 24 hours a day.","twitter_image":"https:\/\/chslddesjardins.com\/wp-content\/uploads\/2017\/05\/Les-R\u00e9sidences-Desjardins-St-Sauveur-Inc-r\u00e9sidence-pour-personnes-ag\u00e9es-St-Sauver11-1024x681.jpg","twitter_misc":{"Est. reading time":"4 minutes"},"schema":{"@context":"https:\/\/schema.org","@graph":[{"@type":"WebPage","@id":"https:\/\/chslddesjardins.com\/en\/residence-services\/","url":"https:\/\/chslddesjardins.com\/en\/residence-services\/","name":"Our Services | Privately funded Long-Term Care facility (CHSLD)","isPartOf":{"@id":"https:\/\/chslddesjardins.com\/en\/#website"},"datePublished":"2018-02-13T03:00:17+00:00","dateModified":"2025-03-10T14:12:21+00:00","description":"CHSLD L.-B.- Desjardins in Saint-Sauveur, is a privately funded Long-Term Care facility (CHSLD) offering a complete range of services.","breadcrumb":{"@id":"https:\/\/chslddesjardins.com\/en\/residence-services\/#breadcrumb"},"inLanguage":"en-US","potentialAction":[{"@type":"ReadAction","target":["https:\/\/chslddesjardins.com\/en\/residence-services\/"]}]},{"@type":"BreadcrumbList","@id":"https:\/\/chslddesjardins.com\/en\/residence-services\/#breadcrumb","itemListElement":[{"@type":"ListItem","position":1,"name":"Home","item":"https:\/\/chslddesjardins.com\/en\/"},{"@type":"ListItem","position":2,"name":"Services available at CHSLD L.-B.- Desjardins"}]},{"@type":"WebSite","@id":"https:\/\/chslddesjardins.com\/en\/#website","url":"https:\/\/chslddesjardins.com\/en\/","name":"CHSLD L.-B. Desjardiins","description":"CHSLD priv\u00e9 pour a\u00een\u00e9s en perte d\u2019autonomie","publisher":{"@id":"https:\/\/chslddesjardins.com\/en\/#organization"},"potentialAction":[{"@type":"SearchAction","target":{"@type":"EntryPoint","urlTemplate":"https:\/\/chslddesjardins.com\/en\/?s={search_term_string}"},"query-input":{"@type":"PropertyValueSpecification","valueRequired":true,"valueName":"search_term_string"}}],"inLanguage":"en-US"},{"@type":"Organization","@id":"https:\/\/chslddesjardins.com\/en\/#organization","name":"CHSLD L.-B.- Desjardins","url":"https:\/\/chslddesjardins.com\/en\/","logo":{"@type":"ImageObject","inLanguage":"en-US","@id":"https:\/\/chslddesjardins.com\/en\/#\/schema\/logo\/image\/","url":"https:\/\/chslddesjardins.com\/wp-content\/uploads\/2021\/05\/rcesidences_desjardins-logo-petite.jpg","contentUrl":"https:\/\/chslddesjardins.com\/wp-content\/uploads\/2021\/05\/rcesidences_desjardins-logo-petite.jpg","width":154,"height":154,"caption":"CHSLD L.-B.- Desjardins"},"image":{"@id":"https:\/\/chslddesjardins.com\/en\/#\/schema\/logo\/image\/"}}]}},"_links":{"self":[{"href":"https:\/\/chslddesjardins.com\/en\/wp-json\/wp\/v2\/pages\/268","targetHints":{"allow":["GET"]}}],"collection":[{"href":"https:\/\/chslddesjardins.com\/en\/wp-json\/wp\/v2\/pages"}],"about":[{"href":"https:\/\/chslddesjardins.com\/en\/wp-json\/wp\/v2\/types\/page"}],"author":[{"embeddable":true,"href":"https:\/\/chslddesjardins.com\/en\/wp-json\/wp\/v2\/users\/1"}],"replies":[{"embeddable":true,"href":"https:\/\/chslddesjardins.com\/en\/wp-json\/wp\/v2\/comments?post=268"}],"version-history":[{"count":34,"href":"https:\/\/chslddesjardins.com\/en\/wp-json\/wp\/v2\/pages\/268\/revisions"}],"predecessor-version":[{"id":7413,"href":"https:\/\/chslddesjardins.com\/en\/wp-json\/wp\/v2\/pages\/268\/revisions\/7413"}],"wp:attachment":[{"href":"https:\/\/chslddesjardins.com\/en\/wp-json\/wp\/v2\/media?parent=268"}],"curies":[{"name":"wp","href":"https:\/\/api.w.org\/{rel}","templated":true}]}}