{"id":7237,"date":"2023-11-07T18:27:18","date_gmt":"2023-11-07T23:27:18","guid":{"rendered":"https:\/\/chslddesjardins.com\/privacy-policy\/"},"modified":"2023-11-07T18:27:19","modified_gmt":"2023-11-07T23:27:19","slug":"privacy-policy","status":"publish","type":"page","link":"https:\/\/chslddesjardins.com\/en\/privacy-policy\/","title":{"rendered":"Privacy policy"},"content":{"rendered":"<div class=\"fusion-fullwidth fullwidth-box fusion-builder-row-1 fusion-flex-container nonhundred-percent-fullwidth non-hundred-percent-height-scrolling\" style=\"background-color: rgba(255,255,255,0);background-position: center center;background-repeat: no-repeat;border-width: 0px 0px 0px 0px;border-color:#eae9e9;border-style:solid;\" ><div class=\"fusion-builder-row fusion-row fusion-flex-align-items-flex-start\" style=\"max-width:1248px;margin-left: calc(-4% \/ 2 );margin-right: calc(-4% \/ 2 );\"><div class=\"fusion-layout-column fusion_builder_column fusion-builder-column-0 fusion_builder_column_1_1 1_1 fusion-flex-column\"><div class=\"fusion-column-wrapper fusion-flex-justify-content-flex-start fusion-content-layout-column\" style=\"background-position:left top;background-repeat:no-repeat;-webkit-background-size:cover;-moz-background-size:cover;-o-background-size:cover;background-size:cover;padding: 0px 0px 0px 0px;\"><div class=\"fusion-text fusion-text-1\"><h2>Last update: November 7, 2023.<\/h2>\n<p>1. Company information<\/p>\n<p>&#8211; Company name: CHSLD L.-B.-DESJARDINS INC.<br \/>\n&#8211; Physical address: 55 Av. Hochar, Saint-Sauveur, QC J0R 1R6<br \/>\n&#8211; E-mail address: info@chslddesjardins.com<br \/>\n&#8211; Telephone number: (450) 227-2241<br \/>\n&#8211; Company registration (NEQ):<\/p>\n<p>2. Type of information collected<\/p>\n<p>We only collect data sent directly to us by e-mail.<\/p>\n<p>3. Purpose of data collection<\/p>\n<p>We only collect and store e-mails sent to us by potential customers and suppliers who are interested in our services or who may have a business relationship with our CHSLD.<\/p>\n<p>4. Consent and opt-in<\/p>\n<p>We have an opt-in feature on our website where customers can accept all or part of our privacy policy or reject it.<\/p>\n<p>5. Data storage and security<\/p>\n<p>We store this data on a local server in Montreal, and we take reasonable security measures to protect this information.<\/p>\n<p>6. Sharing with third parties<\/p>\n<p>We may share information with certain third-party companies such as Google Analytics, primarily for the purpose of monitoring user traffic on our website.<\/p>\n<p>7. Cookies and tracking &#8211; We use cookies<\/p>\n<p>We use cookies and other tracking technologies to improve your browsing experience on our site, to show you personalized content and targeted advertising, to analyze our site traffic and to understand where our visitors come from,<\/p>\n<p>8. User rights<\/p>\n<p>All information can be viewed and deleted at the customer&#8217;s request.<\/p>\n<p>9. Data retention<\/p>\n<p>Third-party tools such as Google Analytics may retain your browser information for up to one year. All information we receive by e-mail can be deleted at the customer&#8217;s request.<\/p>\n<p>10. Data breach notification<\/p>\n<p>In the event of a data breach, we inform our customers and the authorities by e-mail.<\/p>\n<p>11. Compliance with the law<\/p>\n<p>We comply with all the rules set out in Law 25. For more information, please see [<a href=\"https:\/\/www.quebec.ca\/nouvelles\/actualites\/details\/entree-en-vigueur-des-nouvelles-dispositions-de-la-loi-25-50723\">Law 25<\/a>].<\/p>\n<p>12. Contact information<\/p>\n<p>If you have any questions, concerns or comments about your privacy or this Privacy Policy, please contact:<\/p>\n<p>Ms. Colette Desjardins, General Manager<br \/>\nEmail: info@chslddesjardins.com<br \/>\nPhysical address: 55 av.Hochar, Saint-Sauveur, QC. J0R 1R6<br \/>\nTel: 450-227-2241 #222<\/p>\n<\/div><\/div><style type=\"text\/css\">.fusion-body .fusion-builder-column-0{width:100% !important;margin-top : 0px;margin-bottom : 20px;}.fusion-builder-column-0 > .fusion-column-wrapper {padding-top : 0px !important;padding-right : 0px !important;margin-right : 1.92%;padding-bottom : 0px !important;padding-left : 0px !important;margin-left : 1.92%;}@media only screen and (max-width:1024px) {.fusion-body .fusion-builder-column-0{width:100% !important;order : 0;}.fusion-builder-column-0 > .fusion-column-wrapper {margin-right : 1.92%;margin-left : 1.92%;}}@media only screen and (max-width:640px) {.fusion-body .fusion-builder-column-0{width:100% !important;order : 0;}.fusion-builder-column-0 > .fusion-column-wrapper {margin-right : 1.92%;margin-left : 1.92%;}}<\/style><\/div><\/div><style type=\"text\/css\">.fusion-body .fusion-flex-container.fusion-builder-row-1{ padding-top : 0px;margin-top : 0px;padding-right : 0px;padding-bottom : 0px;margin-bottom : 0px;padding-left : 0px;}<\/style><\/div>\n","protected":false},"excerpt":{"rendered":"","protected":false},"author":1,"featured_media":0,"parent":0,"menu_order":0,"comment_status":"closed","ping_status":"closed","template":"","meta":{"footnotes":""},"class_list":["post-7237","page","type-page","status-publish","hentry"],"yoast_head":"<!-- This site is optimized with the Yoast SEO plugin v26.7 - https:\/\/yoast.com\/wordpress\/plugins\/seo\/ -->\n<title>Privacy policy - CHSLD L.-B. Desjardiins<\/title>\n<meta name=\"description\" content=\"Privacy policy - CHSLD L.-B.- Desjardins\" \/>\n<meta name=\"robots\" content=\"index, follow, max-snippet:-1, max-image-preview:large, max-video-preview:-1\" \/>\n<link rel=\"canonical\" href=\"https:\/\/chslddesjardins.com\/en\/privacy-policy\/\" \/>\n<meta property=\"og:locale\" content=\"en_US\" \/>\n<meta property=\"og:type\" content=\"article\" \/>\n<meta property=\"og:title\" content=\"Privacy policy - CHSLD L.-B. Desjardiins\" \/>\n<meta property=\"og:description\" content=\"Privacy policy - CHSLD L.-B.- Desjardins\" \/>\n<meta property=\"og:url\" content=\"https:\/\/chslddesjardins.com\/en\/privacy-policy\/\" \/>\n<meta property=\"og:site_name\" content=\"CHSLD L.-B. Desjardiins\" \/>\n<meta property=\"article:modified_time\" content=\"2023-11-07T23:27:19+00:00\" \/>\n<meta name=\"twitter:card\" content=\"summary_large_image\" \/>\n<meta name=\"twitter:label1\" content=\"Est. reading time\" \/>\n\t<meta name=\"twitter:data1\" content=\"5 minutes\" \/>\n<script type=\"application\/ld+json\" class=\"yoast-schema-graph\">{\"@context\":\"https:\/\/schema.org\",\"@graph\":[{\"@type\":\"WebPage\",\"@id\":\"https:\/\/chslddesjardins.com\/en\/privacy-policy\/\",\"url\":\"https:\/\/chslddesjardins.com\/en\/privacy-policy\/\",\"name\":\"Privacy policy - CHSLD L.-B. Desjardiins\",\"isPartOf\":{\"@id\":\"https:\/\/chslddesjardins.com\/en\/#website\"},\"datePublished\":\"2023-11-07T23:27:18+00:00\",\"dateModified\":\"2023-11-07T23:27:19+00:00\",\"description\":\"Privacy policy - CHSLD L.-B.- Desjardins\",\"breadcrumb\":{\"@id\":\"https:\/\/chslddesjardins.com\/en\/privacy-policy\/#breadcrumb\"},\"inLanguage\":\"en-US\",\"potentialAction\":[{\"@type\":\"ReadAction\",\"target\":[\"https:\/\/chslddesjardins.com\/en\/privacy-policy\/\"]}]},{\"@type\":\"BreadcrumbList\",\"@id\":\"https:\/\/chslddesjardins.com\/en\/privacy-policy\/#breadcrumb\",\"itemListElement\":[{\"@type\":\"ListItem\",\"position\":1,\"name\":\"Home\",\"item\":\"https:\/\/chslddesjardins.com\/en\/\"},{\"@type\":\"ListItem\",\"position\":2,\"name\":\"Privacy policy\"}]},{\"@type\":\"WebSite\",\"@id\":\"https:\/\/chslddesjardins.com\/en\/#website\",\"url\":\"https:\/\/chslddesjardins.com\/en\/\",\"name\":\"CHSLD L.-B. Desjardiins\",\"description\":\"CHSLD priv\u00e9 pour a\u00een\u00e9s en perte d\u2019autonomie\",\"publisher\":{\"@id\":\"https:\/\/chslddesjardins.com\/en\/#organization\"},\"potentialAction\":[{\"@type\":\"SearchAction\",\"target\":{\"@type\":\"EntryPoint\",\"urlTemplate\":\"https:\/\/chslddesjardins.com\/en\/?s={search_term_string}\"},\"query-input\":{\"@type\":\"PropertyValueSpecification\",\"valueRequired\":true,\"valueName\":\"search_term_string\"}}],\"inLanguage\":\"en-US\"},{\"@type\":\"Organization\",\"@id\":\"https:\/\/chslddesjardins.com\/en\/#organization\",\"name\":\"CHSLD L.-B.- Desjardins\",\"url\":\"https:\/\/chslddesjardins.com\/en\/\",\"logo\":{\"@type\":\"ImageObject\",\"inLanguage\":\"en-US\",\"@id\":\"https:\/\/chslddesjardins.com\/en\/#\/schema\/logo\/image\/\",\"url\":\"https:\/\/chslddesjardins.com\/wp-content\/uploads\/2021\/05\/rcesidences_desjardins-logo-petite.jpg\",\"contentUrl\":\"https:\/\/chslddesjardins.com\/wp-content\/uploads\/2021\/05\/rcesidences_desjardins-logo-petite.jpg\",\"width\":154,\"height\":154,\"caption\":\"CHSLD L.-B.- Desjardins\"},\"image\":{\"@id\":\"https:\/\/chslddesjardins.com\/en\/#\/schema\/logo\/image\/\"}}]}<\/script>\n<!-- \/ Yoast SEO plugin. -->","yoast_head_json":{"title":"Privacy policy - CHSLD L.-B. Desjardiins","description":"Privacy policy - CHSLD L.-B.- Desjardins","robots":{"index":"index","follow":"follow","max-snippet":"max-snippet:-1","max-image-preview":"max-image-preview:large","max-video-preview":"max-video-preview:-1"},"canonical":"https:\/\/chslddesjardins.com\/en\/privacy-policy\/","og_locale":"en_US","og_type":"article","og_title":"Privacy policy - CHSLD L.-B. Desjardiins","og_description":"Privacy policy - CHSLD L.-B.- Desjardins","og_url":"https:\/\/chslddesjardins.com\/en\/privacy-policy\/","og_site_name":"CHSLD L.-B. Desjardiins","article_modified_time":"2023-11-07T23:27:19+00:00","twitter_card":"summary_large_image","twitter_misc":{"Est. reading time":"5 minutes"},"schema":{"@context":"https:\/\/schema.org","@graph":[{"@type":"WebPage","@id":"https:\/\/chslddesjardins.com\/en\/privacy-policy\/","url":"https:\/\/chslddesjardins.com\/en\/privacy-policy\/","name":"Privacy policy - CHSLD L.-B. Desjardiins","isPartOf":{"@id":"https:\/\/chslddesjardins.com\/en\/#website"},"datePublished":"2023-11-07T23:27:18+00:00","dateModified":"2023-11-07T23:27:19+00:00","description":"Privacy policy - CHSLD L.-B.- Desjardins","breadcrumb":{"@id":"https:\/\/chslddesjardins.com\/en\/privacy-policy\/#breadcrumb"},"inLanguage":"en-US","potentialAction":[{"@type":"ReadAction","target":["https:\/\/chslddesjardins.com\/en\/privacy-policy\/"]}]},{"@type":"BreadcrumbList","@id":"https:\/\/chslddesjardins.com\/en\/privacy-policy\/#breadcrumb","itemListElement":[{"@type":"ListItem","position":1,"name":"Home","item":"https:\/\/chslddesjardins.com\/en\/"},{"@type":"ListItem","position":2,"name":"Privacy policy"}]},{"@type":"WebSite","@id":"https:\/\/chslddesjardins.com\/en\/#website","url":"https:\/\/chslddesjardins.com\/en\/","name":"CHSLD L.-B. Desjardiins","description":"CHSLD priv\u00e9 pour a\u00een\u00e9s en perte d\u2019autonomie","publisher":{"@id":"https:\/\/chslddesjardins.com\/en\/#organization"},"potentialAction":[{"@type":"SearchAction","target":{"@type":"EntryPoint","urlTemplate":"https:\/\/chslddesjardins.com\/en\/?s={search_term_string}"},"query-input":{"@type":"PropertyValueSpecification","valueRequired":true,"valueName":"search_term_string"}}],"inLanguage":"en-US"},{"@type":"Organization","@id":"https:\/\/chslddesjardins.com\/en\/#organization","name":"CHSLD L.-B.- Desjardins","url":"https:\/\/chslddesjardins.com\/en\/","logo":{"@type":"ImageObject","inLanguage":"en-US","@id":"https:\/\/chslddesjardins.com\/en\/#\/schema\/logo\/image\/","url":"https:\/\/chslddesjardins.com\/wp-content\/uploads\/2021\/05\/rcesidences_desjardins-logo-petite.jpg","contentUrl":"https:\/\/chslddesjardins.com\/wp-content\/uploads\/2021\/05\/rcesidences_desjardins-logo-petite.jpg","width":154,"height":154,"caption":"CHSLD L.-B.- Desjardins"},"image":{"@id":"https:\/\/chslddesjardins.com\/en\/#\/schema\/logo\/image\/"}}]}},"_links":{"self":[{"href":"https:\/\/chslddesjardins.com\/en\/wp-json\/wp\/v2\/pages\/7237","targetHints":{"allow":["GET"]}}],"collection":[{"href":"https:\/\/chslddesjardins.com\/en\/wp-json\/wp\/v2\/pages"}],"about":[{"href":"https:\/\/chslddesjardins.com\/en\/wp-json\/wp\/v2\/types\/page"}],"author":[{"embeddable":true,"href":"https:\/\/chslddesjardins.com\/en\/wp-json\/wp\/v2\/users\/1"}],"replies":[{"embeddable":true,"href":"https:\/\/chslddesjardins.com\/en\/wp-json\/wp\/v2\/comments?post=7237"}],"version-history":[{"count":2,"href":"https:\/\/chslddesjardins.com\/en\/wp-json\/wp\/v2\/pages\/7237\/revisions"}],"predecessor-version":[{"id":7239,"href":"https:\/\/chslddesjardins.com\/en\/wp-json\/wp\/v2\/pages\/7237\/revisions\/7239"}],"wp:attachment":[{"href":"https:\/\/chslddesjardins.com\/en\/wp-json\/wp\/v2\/media?parent=7237"}],"curies":[{"name":"wp","href":"https:\/\/api.w.org\/{rel}","templated":true}]}}