{"id":7349,"date":"2024-10-02T15:11:30","date_gmt":"2024-10-02T19:11:30","guid":{"rendered":"https:\/\/chslddesjardins.com\/papers\/"},"modified":"2025-03-10T10:15:52","modified_gmt":"2025-03-10T14:15:52","slug":"papers","status":"publish","type":"page","link":"https:\/\/chslddesjardins.com\/en\/papers\/","title":{"rendered":"Publications"},"content":{"rendered":"<div class=\"fusion-fullwidth fullwidth-box fusion-builder-row-1 nonhundred-percent-fullwidth non-hundred-percent-height-scrolling\" style=\"background-color: rgba(255,255,255,0);background-position: center center;background-repeat: no-repeat;padding-top:20px;padding-right:0px;padding-bottom:20px;padding-left:0px;margin-bottom: 0px;margin-top: 0px;border-width: 0px 0px 0px 0px;border-color:#eae9e9;border-style:solid;\" ><div class=\"fusion-builder-row fusion-row\"><div class=\"fusion-layout-column fusion_builder_column fusion-builder-column-0 fusion_builder_column_1_1 1_1 fusion-one-full fusion-column-first fusion-column-last\" style=\"margin-top:0px;margin-bottom:20px;\"><div class=\"fusion-column-wrapper fusion-flex-column-wrapper-legacy\" style=\"background-position:left top;background-repeat:no-repeat;-webkit-background-size:cover;-moz-background-size:cover;-o-background-size:cover;background-size:cover;padding: 0px 0px 0px 0px;\"><style type=\"text\/css\"><\/style><div class=\"fusion-title title fusion-title-1 fusion-title-text fusion-title-size-one\" style=\"margin-top:0px;margin-right:0px;margin-bottom:31px;margin-left:0px;\"><h1 class=\"title-heading-left\" style=\"margin:0;\">Publications and information about our CHSLD<\/h1><div class=\"title-sep-container\"><div class=\"title-sep sep-double sep-solid\" style=\"border-color:#e0dede;\"><\/div><\/div><\/div><div class=\"fusion-sep-clear\"><\/div><div class=\"fusion-separator fusion-full-width-sep\" style=\"margin-left: auto;margin-right: auto;margin-bottom:25px;width:100%;\"><div class=\"fusion-separator-border sep-double sep-dotted\" style=\"border-color:#e0dede;border-top-width:1px;border-bottom-width:1px;\"><\/div><\/div><div class=\"fusion-sep-clear\"><\/div><style type=\"text\/css\">.fusion-title.fusion-title-text.fusion-title-2 a{color:#333333}.fusion-title.fusion-title-text.fusion-title-2 a:hover{color:#4f0a02}<\/style><div class=\"fusion-title title fusion-title-2 fusion-sep-none fusion-title-text fusion-title-size-two\" style=\"text-shadow:3px ;;margin-top:0px;margin-right:0px;margin-bottom:31px;margin-left:0px;\"><h2 class=\"title-heading-left\" style=\"margin:0;\"><a class=\"awb-custom-text-color awb-custom-text-hover-color\" target=\"_self\"><h1>Annual report<\/h1><\/a><\/h2><\/div><style type=\"text\/css\">.fusion-title.fusion-title-text.fusion-title-3 a{color:#333333}.fusion-title.fusion-title-text.fusion-title-3 a:hover{color:#4f0a02}<\/style><div class=\"fusion-title title fusion-title-3 fusion-sep-none fusion-title-text fusion-title-size-two\" style=\"text-shadow:3px ;;margin-top:0px;margin-right:0px;margin-bottom:31px;margin-left:0px;\"><h2 class=\"title-heading-left\" style=\"margin:0;\"><a href=\"https:\/\/chslddesjardins.com\/wp-content\/uploads\/2024\/10\/Rapport-annuel-de-gestion-des-risques-2023-2024.pdf\" class=\"awb-custom-text-color awb-custom-text-hover-color\" target=\"_self\">Annual Management and Risk Report 2023-2024<\/a><\/h2><\/div><style type=\"text\/css\">.fusion-title.fusion-title-text.fusion-title-4 a{color:#333333}.fusion-title.fusion-title-text.fusion-title-4 a:hover{color:#4f0a02}<\/style><div class=\"fusion-title title fusion-title-4 fusion-sep-none fusion-title-text fusion-title-size-two\" style=\"text-shadow:3px ;;margin-top:0px;margin-right:0px;margin-bottom:31px;margin-left:0px;\"><h2 class=\"title-heading-left\" style=\"margin:0;\"><a class=\"awb-custom-text-color awb-custom-text-hover-color\" target=\"_self\"><h1>Ministry reports<\/h1><\/a><\/h2><\/div><div class=\"fusion-text fusion-text-1\"><p><a href=\"https:\/\/chslddesjardins.com\/wp-content\/uploads\/2025\/03\/Plan-amelioration-visite-ministerielle-01-08-2024.pdf\">QMV evaluation visit report 01-08-2024<\/a>.<\/p>\n<\/div><div class=\"fusion-text fusion-text-2\"><p><a href=\"https:\/\/chslddesjardins.com\/wp-content\/uploads\/2024\/06\/Projet-Suivi-visite-du-14-decembre-2021-Rapport-et-recommandations-du-MSSS-redittion-du-14-decembre-2023.pdf\">Improvement plan based on visits.<\/a><\/p>\n<\/div><style type=\"text\/css\">.fusion-title.fusion-title-text.fusion-title-5 a{color:#333333}.fusion-title.fusion-title-text.fusion-title-5 a:hover{color:#4f0a02}<\/style><div class=\"fusion-title title fusion-title-5 fusion-sep-none fusion-title-text fusion-title-size-two\" style=\"text-shadow:3px ;;margin-top:0px;margin-right:0px;margin-bottom:31px;margin-left:0px;\"><h2 class=\"title-heading-left\" style=\"margin:0;\"><a class=\"awb-custom-text-color awb-custom-text-hover-color\" target=\"_self\"><h1>Strategic plan<\/h1><\/a><\/h2><\/div><div class=\"fusion-text fusion-text-3\"><p><a href=\"https:\/\/chslddesjardins.com\/wp-content\/uploads\/2022\/11\/PLAN-STRATEGIQUE-2022-2026.pdf\">Strategic plan 2022-2026<\/a><\/p>\n<\/div><div class=\"fusion-text fusion-text-4\"><p><a href=\"https:\/\/chslddesjardins.com\/publications\/fiche-synoptique-plan-strategique\/\">Overview sheet<\/a><\/p>\n<\/div><style type=\"text\/css\">.fusion-title.fusion-title-text.fusion-title-6 a{color:#333333}.fusion-title.fusion-title-text.fusion-title-6 a:hover{color:#4f0a02}<\/style><div class=\"fusion-title title fusion-title-6 fusion-sep-none fusion-title-text fusion-title-size-two\" style=\"text-shadow:3px ;;margin-top:0px;margin-right:0px;margin-bottom:31px;margin-left:0px;\"><h2 class=\"title-heading-left\" style=\"margin:0;\"><a class=\"awb-custom-text-color awb-custom-text-hover-color\" target=\"_self\"><h1>Priorities<\/h1><\/a><\/h2><\/div><div class=\"fusion-text fusion-text-5\"><p><a href=\"https:\/\/chslddesjardins.com\/wp-content\/uploads\/2022\/11\/PLAN-DACTION-ANNUEL-2022-2023.pdf\">Annual action plan 2022-2023<\/a><\/p>\n<\/div><div class=\"fusion-sep-clear\"><\/div><div class=\"fusion-separator fusion-full-width-sep\" style=\"margin-left: auto;margin-right: auto;width:100%;\"><\/div><div class=\"fusion-sep-clear\"><\/div><style type=\"text\/css\">.fusion-title.fusion-title-text.fusion-title-7 a{color:#333333}.fusion-title.fusion-title-text.fusion-title-7 a:hover{color:#4f0a02}<\/style><div class=\"fusion-title title fusion-title-7 fusion-sep-none fusion-title-text fusion-title-size-two\" style=\"text-shadow:3px ;;margin-top:0px;margin-right:0px;margin-bottom:31px;margin-left:0px;\"><h2 class=\"title-heading-left\" style=\"margin:0;\"><a class=\"awb-custom-text-color awb-custom-text-hover-color\" target=\"_self\"><h1>APPROVAL CANADA<\/h1><\/a><\/h2><\/div><div class=\"fusion-text fusion-text-6\"><p><a href=\"https:\/\/chslddesjardins.com\/wp-content\/uploads\/2024\/03\/CHSLB-Sommaire-Grille-devaluation-visite-suppl.pdf\">Visit report 2023<\/a><\/p>\n<\/div><div class=\"fusion-sep-clear\"><\/div><div class=\"fusion-separator fusion-full-width-sep\" style=\"margin-left: auto;margin-right: auto;width:100%;\"><\/div><div class=\"fusion-sep-clear\"><\/div><style type=\"text\/css\">.fusion-title.fusion-title-text.fusion-title-8 a{color:#333333}.fusion-title.fusion-title-text.fusion-title-8 a:hover{color:#4f0a02}<\/style><div class=\"fusion-title title fusion-title-8 fusion-sep-none fusion-title-text fusion-title-size-two\" style=\"text-shadow:3px ;;margin-top:0px;margin-right:0px;margin-bottom:31px;margin-left:0px;\"><h2 class=\"title-heading-left\" style=\"margin:0;\"><a class=\"awb-custom-text-color awb-custom-text-hover-color\" target=\"_self\"><h1>Policies<\/h1><\/a><\/h2><\/div><div class=\"fusion-text fusion-text-7\"><p><a href=\"https:\/\/chslddesjardins.com\/wp-content\/uploads\/2024\/09\/POL-6.1.1-Lutte-contre-la-maltraitance-2024-08-09-revisee-finale.pdf\">Fighting elder abuse and abuse of adults in vulnerable situations at CHSLD L.-B.-DESJARDINS<\/a><\/p>\n<\/div><div class=\"fusion-clearfix\"><\/div><\/div><\/div><\/div><\/div>\n","protected":false},"excerpt":{"rendered":"","protected":false},"author":1,"featured_media":0,"parent":0,"menu_order":0,"comment_status":"closed","ping_status":"closed","template":"","meta":{"footnotes":""},"class_list":["post-7349","page","type-page","status-publish","hentry"],"yoast_head":"<!-- This site is optimized with the Yoast SEO plugin v27.4 - https:\/\/yoast.com\/product\/yoast-seo-wordpress\/ -->\n<title>Employment opportunities | CHSLD L.-B.- Desjardins Saint-Sauveur<\/title>\n<meta name=\"description\" content=\"Check our job opportunities page regularly for all positions available at CHSLD priv\u00e9 L.-B.- Desjardins Saint-Sauveur.\" \/>\n<meta name=\"robots\" content=\"index, follow, max-snippet:-1, max-image-preview:large, max-video-preview:-1\" \/>\n<link rel=\"canonical\" href=\"https:\/\/chslddesjardins.com\/en\/papers\/\" \/>\n<meta property=\"og:locale\" content=\"en_US\" \/>\n<meta property=\"og:type\" content=\"article\" \/>\n<meta property=\"og:title\" content=\"Employment opportunities | CHSLD L.-B.- Desjardins Saint-Sauveur\" \/>\n<meta property=\"og:description\" content=\"Check our job opportunities page regularly for all positions available at CHSLD priv\u00e9 L.-B.- Desjardins Saint-Sauveur.\" \/>\n<meta property=\"og:url\" content=\"https:\/\/chslddesjardins.com\/en\/papers\/\" \/>\n<meta property=\"og:site_name\" content=\"CHSLD L.-B. Desjardiins\" \/>\n<meta property=\"article:modified_time\" content=\"2025-03-10T14:15:52+00:00\" \/>\n<meta name=\"twitter:card\" content=\"summary_large_image\" \/>\n<meta name=\"twitter:label1\" content=\"Est. reading time\" \/>\n\t<meta name=\"twitter:data1\" content=\"4 minutes\" \/>\n<script type=\"application\/ld+json\" class=\"yoast-schema-graph\">{\"@context\":\"https:\\\/\\\/schema.org\",\"@graph\":[{\"@type\":\"WebPage\",\"@id\":\"https:\\\/\\\/chslddesjardins.com\\\/en\\\/papers\\\/\",\"url\":\"https:\\\/\\\/chslddesjardins.com\\\/en\\\/papers\\\/\",\"name\":\"Employment opportunities | CHSLD L.-B.- Desjardins Saint-Sauveur\",\"isPartOf\":{\"@id\":\"https:\\\/\\\/chslddesjardins.com\\\/en\\\/#website\"},\"datePublished\":\"2024-10-02T19:11:30+00:00\",\"dateModified\":\"2025-03-10T14:15:52+00:00\",\"description\":\"Check our job opportunities page regularly for all positions available at CHSLD priv\u00e9 L.-B.- Desjardins Saint-Sauveur.\",\"breadcrumb\":{\"@id\":\"https:\\\/\\\/chslddesjardins.com\\\/en\\\/papers\\\/#breadcrumb\"},\"inLanguage\":\"en-US\",\"potentialAction\":[{\"@type\":\"ReadAction\",\"target\":[\"https:\\\/\\\/chslddesjardins.com\\\/en\\\/papers\\\/\"]}]},{\"@type\":\"BreadcrumbList\",\"@id\":\"https:\\\/\\\/chslddesjardins.com\\\/en\\\/papers\\\/#breadcrumb\",\"itemListElement\":[{\"@type\":\"ListItem\",\"position\":1,\"name\":\"Home\",\"item\":\"https:\\\/\\\/chslddesjardins.com\\\/en\\\/\"},{\"@type\":\"ListItem\",\"position\":2,\"name\":\"Publications\"}]},{\"@type\":\"WebSite\",\"@id\":\"https:\\\/\\\/chslddesjardins.com\\\/en\\\/#website\",\"url\":\"https:\\\/\\\/chslddesjardins.com\\\/en\\\/\",\"name\":\"CHSLD L.-B. Desjardiins\",\"description\":\"CHSLD priv\u00e9 pour a\u00een\u00e9s en perte d\u2019autonomie\",\"publisher\":{\"@id\":\"https:\\\/\\\/chslddesjardins.com\\\/en\\\/#organization\"},\"potentialAction\":[{\"@type\":\"SearchAction\",\"target\":{\"@type\":\"EntryPoint\",\"urlTemplate\":\"https:\\\/\\\/chslddesjardins.com\\\/en\\\/?s={search_term_string}\"},\"query-input\":{\"@type\":\"PropertyValueSpecification\",\"valueRequired\":true,\"valueName\":\"search_term_string\"}}],\"inLanguage\":\"en-US\"},{\"@type\":\"Organization\",\"@id\":\"https:\\\/\\\/chslddesjardins.com\\\/en\\\/#organization\",\"name\":\"CHSLD L.-B.- Desjardins\",\"url\":\"https:\\\/\\\/chslddesjardins.com\\\/en\\\/\",\"logo\":{\"@type\":\"ImageObject\",\"inLanguage\":\"en-US\",\"@id\":\"https:\\\/\\\/chslddesjardins.com\\\/en\\\/#\\\/schema\\\/logo\\\/image\\\/\",\"url\":\"https:\\\/\\\/chslddesjardins.com\\\/wp-content\\\/uploads\\\/2021\\\/05\\\/rcesidences_desjardins-logo-petite.jpg\",\"contentUrl\":\"https:\\\/\\\/chslddesjardins.com\\\/wp-content\\\/uploads\\\/2021\\\/05\\\/rcesidences_desjardins-logo-petite.jpg\",\"width\":154,\"height\":154,\"caption\":\"CHSLD L.-B.- Desjardins\"},\"image\":{\"@id\":\"https:\\\/\\\/chslddesjardins.com\\\/en\\\/#\\\/schema\\\/logo\\\/image\\\/\"}}]}<\/script>\n<!-- \/ Yoast SEO plugin. -->","yoast_head_json":{"title":"Employment opportunities | CHSLD L.-B.- Desjardins Saint-Sauveur","description":"Check our job opportunities page regularly for all positions available at CHSLD priv\u00e9 L.-B.- Desjardins Saint-Sauveur.","robots":{"index":"index","follow":"follow","max-snippet":"max-snippet:-1","max-image-preview":"max-image-preview:large","max-video-preview":"max-video-preview:-1"},"canonical":"https:\/\/chslddesjardins.com\/en\/papers\/","og_locale":"en_US","og_type":"article","og_title":"Employment opportunities | CHSLD L.-B.- Desjardins Saint-Sauveur","og_description":"Check our job opportunities page regularly for all positions available at CHSLD priv\u00e9 L.-B.- Desjardins Saint-Sauveur.","og_url":"https:\/\/chslddesjardins.com\/en\/papers\/","og_site_name":"CHSLD L.-B. Desjardiins","article_modified_time":"2025-03-10T14:15:52+00:00","twitter_card":"summary_large_image","twitter_misc":{"Est. reading time":"4 minutes"},"schema":{"@context":"https:\/\/schema.org","@graph":[{"@type":"WebPage","@id":"https:\/\/chslddesjardins.com\/en\/papers\/","url":"https:\/\/chslddesjardins.com\/en\/papers\/","name":"Employment opportunities | CHSLD L.-B.- Desjardins Saint-Sauveur","isPartOf":{"@id":"https:\/\/chslddesjardins.com\/en\/#website"},"datePublished":"2024-10-02T19:11:30+00:00","dateModified":"2025-03-10T14:15:52+00:00","description":"Check our job opportunities page regularly for all positions available at CHSLD priv\u00e9 L.-B.- Desjardins Saint-Sauveur.","breadcrumb":{"@id":"https:\/\/chslddesjardins.com\/en\/papers\/#breadcrumb"},"inLanguage":"en-US","potentialAction":[{"@type":"ReadAction","target":["https:\/\/chslddesjardins.com\/en\/papers\/"]}]},{"@type":"BreadcrumbList","@id":"https:\/\/chslddesjardins.com\/en\/papers\/#breadcrumb","itemListElement":[{"@type":"ListItem","position":1,"name":"Home","item":"https:\/\/chslddesjardins.com\/en\/"},{"@type":"ListItem","position":2,"name":"Publications"}]},{"@type":"WebSite","@id":"https:\/\/chslddesjardins.com\/en\/#website","url":"https:\/\/chslddesjardins.com\/en\/","name":"CHSLD L.-B. Desjardiins","description":"CHSLD priv\u00e9 pour a\u00een\u00e9s en perte d\u2019autonomie","publisher":{"@id":"https:\/\/chslddesjardins.com\/en\/#organization"},"potentialAction":[{"@type":"SearchAction","target":{"@type":"EntryPoint","urlTemplate":"https:\/\/chslddesjardins.com\/en\/?s={search_term_string}"},"query-input":{"@type":"PropertyValueSpecification","valueRequired":true,"valueName":"search_term_string"}}],"inLanguage":"en-US"},{"@type":"Organization","@id":"https:\/\/chslddesjardins.com\/en\/#organization","name":"CHSLD L.-B.- Desjardins","url":"https:\/\/chslddesjardins.com\/en\/","logo":{"@type":"ImageObject","inLanguage":"en-US","@id":"https:\/\/chslddesjardins.com\/en\/#\/schema\/logo\/image\/","url":"https:\/\/chslddesjardins.com\/wp-content\/uploads\/2021\/05\/rcesidences_desjardins-logo-petite.jpg","contentUrl":"https:\/\/chslddesjardins.com\/wp-content\/uploads\/2021\/05\/rcesidences_desjardins-logo-petite.jpg","width":154,"height":154,"caption":"CHSLD L.-B.- Desjardins"},"image":{"@id":"https:\/\/chslddesjardins.com\/en\/#\/schema\/logo\/image\/"}}]}},"_links":{"self":[{"href":"https:\/\/chslddesjardins.com\/en\/wp-json\/wp\/v2\/pages\/7349","targetHints":{"allow":["GET"]}}],"collection":[{"href":"https:\/\/chslddesjardins.com\/en\/wp-json\/wp\/v2\/pages"}],"about":[{"href":"https:\/\/chslddesjardins.com\/en\/wp-json\/wp\/v2\/types\/page"}],"author":[{"embeddable":true,"href":"https:\/\/chslddesjardins.com\/en\/wp-json\/wp\/v2\/users\/1"}],"replies":[{"embeddable":true,"href":"https:\/\/chslddesjardins.com\/en\/wp-json\/wp\/v2\/comments?post=7349"}],"version-history":[{"count":6,"href":"https:\/\/chslddesjardins.com\/en\/wp-json\/wp\/v2\/pages\/7349\/revisions"}],"predecessor-version":[{"id":7425,"href":"https:\/\/chslddesjardins.com\/en\/wp-json\/wp\/v2\/pages\/7349\/revisions\/7425"}],"wp:attachment":[{"href":"https:\/\/chslddesjardins.com\/en\/wp-json\/wp\/v2\/media?parent=7349"}],"curies":[{"name":"wp","href":"https:\/\/api.w.org\/{rel}","templated":true}]}}